{"id":22,"date":"2025-11-19T11:56:11","date_gmt":"2025-11-19T11:56:11","guid":{"rendered":"https:\/\/remenetxe.rkinformatika.online\/?page_id=22"},"modified":"2026-02-11T10:30:25","modified_gmt":"2026-02-11T10:30:25","slug":"inicio","status":"publish","type":"page","link":"https:\/\/remenetxe.com\/eu\/","title":{"rendered":"Hasiera"},"content":{"rendered":"\t\t<div data-elementor-type=\"wp-page\" data-elementor-id=\"22\" class=\"elementor elementor-22\" data-elementor-post-type=\"page\">\n\t\t\t\t<div class=\"elementor-element elementor-element-9d94334 e-con-full e-flex e-con e-parent\" data-id=\"9d94334\" data-element_type=\"container\" data-e-type=\"container\" data-settings=\"{&quot;background_background&quot;:&quot;classic&quot;}\">\n\t\t<div class=\"elementor-element elementor-element-fe95778 e-con-full animated-slow e-flex elementor-invisible e-con e-child\" data-id=\"fe95778\" data-element_type=\"container\" data-e-type=\"container\" data-settings=\"{&quot;animation&quot;:&quot;fadeInLeft&quot;}\">\n\t\t\t\t<div class=\"elementor-element elementor-element-41360da elementor-widget elementor-widget-image\" data-id=\"41360da\" data-element_type=\"widget\" data-e-type=\"widget\" data-widget_type=\"image.default\">\n\t\t\t\t\t\t\t\t\t\t\t\t\t\t\t<img fetchpriority=\"high\" decoding=\"async\" width=\"1016\" height=\"675\" src=\"https:\/\/remenetxe.com\/wp-content\/uploads\/2025\/12\/Captura-desde-2025-12-29-11-03-17.png\" class=\"attachment-full size-full wp-image-2130\" alt=\"\" srcset=\"https:\/\/remenetxe.com\/wp-content\/uploads\/2025\/12\/Captura-desde-2025-12-29-11-03-17.png 1016w, https:\/\/remenetxe.com\/wp-content\/uploads\/2025\/12\/Captura-desde-2025-12-29-11-03-17-300x199.png 300w, https:\/\/remenetxe.com\/wp-content\/uploads\/2025\/12\/Captura-desde-2025-12-29-11-03-17-768x510.png 768w, https:\/\/remenetxe.com\/wp-content\/uploads\/2025\/12\/Captura-desde-2025-12-29-11-03-17-18x12.png 18w\" sizes=\"(max-width: 1016px) 100vw, 1016px\" \/>\t\t\t\t\t\t\t\t\t\t\t\t\t\t\t<\/div>\n\t\t\t\t<\/div>\n\t\t<div class=\"elementor-element elementor-element-61e17c0 e-con-full animated-slow e-flex elementor-invisible e-con e-child\" data-id=\"61e17c0\" data-element_type=\"container\" data-e-type=\"container\" data-settings=\"{&quot;background_background&quot;:&quot;classic&quot;,&quot;animation&quot;:&quot;fadeInRight&quot;}\">\n\t\t<div class=\"elementor-element elementor-element-0a602b9 e-con-full e-flex e-con e-child\" data-id=\"0a602b9\" data-element_type=\"container\" data-e-type=\"container\" data-settings=\"{&quot;background_background&quot;:&quot;classic&quot;}\">\n\t\t\t\t<div class=\"elementor-element elementor-element-4ca66b8 elementor-invisible elementor-widget elementor-widget-heading\" data-id=\"4ca66b8\" data-element_type=\"widget\" data-e-type=\"widget\" data-settings=\"{&quot;_animation&quot;:&quot;fadeInDown&quot;}\" data-widget_type=\"heading.default\">\n\t\t\t\t\t<h2 class=\"elementor-heading-title elementor-size-default\">Remenetxe<\/h2>\t\t\t\t<\/div>\n\t\t\t\t<div class=\"elementor-element elementor-element-ca4ce71 elementor-invisible elementor-widget elementor-widget-heading\" data-id=\"ca4ce71\" data-element_type=\"widget\" data-e-type=\"widget\" data-settings=\"{&quot;_animation&quot;:&quot;fadeInDown&quot;}\" data-widget_type=\"heading.default\">\n\t\t\t\t\t<h2 class=\"elementor-heading-title elementor-size-default\">desde 1987<\/h2>\t\t\t\t<\/div>\n\t\t\t\t<\/div>\n\t\t\t\t<\/div>\n\t\t\t\t<\/div>\n\t\t<div class=\"elementor-element elementor-element-c507040 e-con-full e-flex e-con e-parent\" data-id=\"c507040\" data-element_type=\"container\" data-e-type=\"container\" data-settings=\"{&quot;background_background&quot;:&quot;classic&quot;,&quot;background_motion_fx_motion_fx_scrolling&quot;:&quot;yes&quot;,&quot;background_motion_fx_devices&quot;:[&quot;desktop&quot;,&quot;tablet&quot;,&quot;mobile&quot;]}\">\n\t\t\t\t<div class=\"elementor-element elementor-element-945a352 elementor-widget__width-initial animated-slow elementor-invisible elementor-widget elementor-widget-heading\" data-id=\"945a352\" data-element_type=\"widget\" data-e-type=\"widget\" data-settings=\"{&quot;_animation&quot;:&quot;fadeInLeft&quot;}\" data-widget_type=\"heading.default\">\n\t\t\t\t\t<h1 class=\"elementor-heading-title elementor-size-default\">Bienvenidos a Remenetxe, donde tradici\u00f3n y excelencia se encuentran<\/h1>\t\t\t\t<\/div>\n\t\t\t\t<div class=\"elementor-element elementor-element-b2843b3 elementor-widget__width-initial elementor-align-center animated-slow elementor-invisible elementor-widget elementor-widget-button\" data-id=\"b2843b3\" data-element_type=\"widget\" data-e-type=\"widget\" data-settings=\"{&quot;_animation&quot;:&quot;fadeInRight&quot;}\" data-widget_type=\"button.default\">\n\t\t\t\t\t\t\t\t\t\t<a class=\"elementor-button elementor-button-link elementor-size-sm\" href=\"https:\/\/restaurante.remenetxe.com\/tienda\/\" target=\"_blank\">\n\t\t\t\t\t\t<span class=\"elementor-button-content-wrapper\">\n\t\t\t\t\t\t\t\t\t<span class=\"elementor-button-text\">Regala Experiencias<\/span>\n\t\t\t\t\t<\/span>\n\t\t\t\t\t<\/a>\n\t\t\t\t\t\t\t\t<\/div>\n\t\t<div class=\"elementor-element elementor-element-324be93 animated-slow e-flex e-con-boxed elementor-invisible e-con e-child\" data-id=\"324be93\" data-element_type=\"container\" data-e-type=\"container\" data-settings=\"{&quot;background_background&quot;:&quot;classic&quot;,&quot;animation&quot;:&quot;fadeInLeft&quot;}\">\n\t\t\t\t\t<div class=\"e-con-inner\">\n\t\t\t\t<div class=\"elementor-element elementor-element-c42a53c elementor-invisible elementor-widget elementor-widget-heading\" data-id=\"c42a53c\" data-element_type=\"widget\" data-e-type=\"widget\" data-settings=\"{&quot;_animation&quot;:&quot;fadeInDown&quot;}\" data-widget_type=\"heading.default\">\n\t\t\t\t\t<h2 class=\"elementor-heading-title elementor-size-default\">Nuestra Historia:<\/h2>\t\t\t\t<\/div>\n\t\t\t\t<div class=\"elementor-element elementor-element-321a4f8 elementor-widget__width-initial elementor-widget elementor-widget-text-editor\" data-id=\"321a4f8\" data-element_type=\"widget\" data-e-type=\"widget\" data-settings=\"{&quot;_animation_mobile&quot;:&quot;fadeIn&quot;}\" data-widget_type=\"text-editor.default\">\n\t\t\t\t\t\t\t\t\t<p>El restaurante Remenetxe, situado en Muxika, tiene una historia que comienza con su fundaci\u00f3n por Rosa Mari Echeandia en 1987 en un caser\u00edo del siglo XIX que su familia adquiri\u00f3 en 1816. El nombre proviene de la uni\u00f3n de los apellidos del matrimonio (Rementeria y Etxeandia) y el establecimiento ha crecido de ser un proyecto familiar a un lugar reconocido, famoso por sus carnes y pescados a la brasa y su amplia bodega, ahora dirigido por la segunda generaci\u00f3n.<\/p><p>El proyecto se gest\u00f3 en un caser\u00edo que la familia de la fundadora adquiri\u00f3 en una subasta en 1816.<\/p>\t\t\t\t\t\t\t\t<\/div>\n\t\t<div class=\"elementor-element elementor-element-ed08665 e-con-full e-flex e-con e-child\" data-id=\"ed08665\" data-element_type=\"container\" data-e-type=\"container\">\n\t\t\t\t<div class=\"elementor-element elementor-element-9ee432e elementor-widget elementor-widget-image\" data-id=\"9ee432e\" data-element_type=\"widget\" data-e-type=\"widget\" data-widget_type=\"image.default\">\n\t\t\t\t\t\t\t\t\t\t\t\t\t\t\t\t<a href=\"https:\/\/remenetxe.com\/wp-content\/uploads\/2026\/01\/WhatsApp-Image-2026-01-12-at-10.16.15.jpeg\" data-elementor-open-lightbox=\"yes\" data-elementor-lightbox-title=\"WhatsApp Image 2026-01-12 at 10.16.15\" data-e-action-hash=\"#elementor-action%3Aaction%3Dlightbox%26settings%3DeyJpZCI6MjU5OSwidXJsIjoiaHR0cHM6XC9cL3JlbWVuZXR4ZS5jb21cL3dwLWNvbnRlbnRcL3VwbG9hZHNcLzIwMjZcLzAxXC9XaGF0c0FwcC1JbWFnZS0yMDI2LTAxLTEyLWF0LTEwLjE2LjE1LmpwZWcifQ%3D%3D\">\n\t\t\t\t\t\t\t<img decoding=\"async\" width=\"800\" height=\"600\" src=\"https:\/\/remenetxe.com\/wp-content\/uploads\/2026\/01\/WhatsApp-Image-2026-01-12-at-10.16.15-1024x768.jpeg\" class=\"attachment-large size-large wp-image-2599\" alt=\"\" srcset=\"https:\/\/remenetxe.com\/wp-content\/uploads\/2026\/01\/WhatsApp-Image-2026-01-12-at-10.16.15-1024x768.jpeg 1024w, https:\/\/remenetxe.com\/wp-content\/uploads\/2026\/01\/WhatsApp-Image-2026-01-12-at-10.16.15-300x225.jpeg 300w, https:\/\/remenetxe.com\/wp-content\/uploads\/2026\/01\/WhatsApp-Image-2026-01-12-at-10.16.15-768x576.jpeg 768w, https:\/\/remenetxe.com\/wp-content\/uploads\/2026\/01\/WhatsApp-Image-2026-01-12-at-10.16.15-1536x1152.jpeg 1536w, https:\/\/remenetxe.com\/wp-content\/uploads\/2026\/01\/WhatsApp-Image-2026-01-12-at-10.16.15-16x12.jpeg 16w, https:\/\/remenetxe.com\/wp-content\/uploads\/2026\/01\/WhatsApp-Image-2026-01-12-at-10.16.15.jpeg 1600w\" sizes=\"(max-width: 800px) 100vw, 800px\" \/>\t\t\t\t\t\t\t\t<\/a>\n\t\t\t\t\t\t\t\t\t\t\t\t\t\t\t<\/div>\n\t\t\t\t<\/div>\n\t\t<div class=\"elementor-element elementor-element-09a0b62 e-con-full e-flex e-con e-child\" data-id=\"09a0b62\" data-element_type=\"container\" data-e-type=\"container\">\n\t\t\t\t<div class=\"elementor-element elementor-element-8c71457 elementor-widget elementor-widget-image\" data-id=\"8c71457\" data-element_type=\"widget\" data-e-type=\"widget\" data-widget_type=\"image.default\">\n\t\t\t\t\t\t\t\t\t\t\t\t\t\t\t\t<a href=\"https:\/\/remenetxe.com\/wp-content\/uploads\/2026\/01\/WhatsApp-Image-2026-01-26-at-10.01.14-4-e1769760597636.jpeg\" data-elementor-open-lightbox=\"yes\" data-e-action-hash=\"#elementor-action%3Aaction%3Dlightbox%26settings%3DeyJpZCI6MjgyNSwidXJsIjoiaHR0cHM6XC9cL3JlbWVuZXR4ZS5jb21cL3dwLWNvbnRlbnRcL3VwbG9hZHNcLzIwMjZcLzAxXC9XaGF0c0FwcC1JbWFnZS0yMDI2LTAxLTI2LWF0LTEwLjAxLjE0LTQtZTE3Njk3NjA1OTc2MzYuanBlZyJ9\">\n\t\t\t\t\t\t\t<img decoding=\"async\" width=\"1600\" height=\"1200\" src=\"https:\/\/remenetxe.com\/wp-content\/uploads\/2026\/01\/WhatsApp-Image-2026-01-26-at-10.01.14-4-e1769760597636.jpeg\" class=\"attachment-full size-full wp-image-2825\" alt=\"\" srcset=\"https:\/\/remenetxe.com\/wp-content\/uploads\/2026\/01\/WhatsApp-Image-2026-01-26-at-10.01.14-4-e1769760597636.jpeg 1600w, https:\/\/remenetxe.com\/wp-content\/uploads\/2026\/01\/WhatsApp-Image-2026-01-26-at-10.01.14-4-e1769760597636-300x225.jpeg 300w, https:\/\/remenetxe.com\/wp-content\/uploads\/2026\/01\/WhatsApp-Image-2026-01-26-at-10.01.14-4-e1769760597636-1024x768.jpeg 1024w, https:\/\/remenetxe.com\/wp-content\/uploads\/2026\/01\/WhatsApp-Image-2026-01-26-at-10.01.14-4-e1769760597636-768x576.jpeg 768w, https:\/\/remenetxe.com\/wp-content\/uploads\/2026\/01\/WhatsApp-Image-2026-01-26-at-10.01.14-4-e1769760597636-1536x1152.jpeg 1536w, https:\/\/remenetxe.com\/wp-content\/uploads\/2026\/01\/WhatsApp-Image-2026-01-26-at-10.01.14-4-e1769760597636-16x12.jpeg 16w\" sizes=\"(max-width: 1600px) 100vw, 1600px\" \/>\t\t\t\t\t\t\t\t<\/a>\n\t\t\t\t\t\t\t\t\t\t\t\t\t\t\t<\/div>\n\t\t\t\t<\/div>\n\t\t\t\t<div class=\"elementor-element elementor-element-548c0bc elementor-widget__width-initial elementor-widget elementor-widget-text-editor\" data-id=\"548c0bc\" data-element_type=\"widget\" data-e-type=\"widget\" data-settings=\"{&quot;_animation_mobile&quot;:&quot;fadeIn&quot;}\" data-widget_type=\"text-editor.default\">\n\t\t\t\t\t\t\t\t\t<p>Fundaci\u00f3n: Rosa Mar\u00eda Echeandia y Juan Antonio Rementeria. La fundadora decidi\u00f3 abrir el restaurante en 1986 en el caser\u00edo en ruinas, a pesar de no tener experiencia previa en el sector. La propia Rosa Mar\u00eda se implic\u00f3 activamente en la restauraci\u00f3n del caser\u00edo, incluso realizando trabajos de alba\u00f1iler\u00eda. La decoraci\u00f3n fue elegida personalmente por ella, combinando elementos modernos y antiguos, como calderos de cobre.<\/p><p>El restaurante tuvo una inauguraci\u00f3n exitosa y ha evolucionado a lo largo de los a\u00f1os. El restaurante sigue abierto y ahora es gestionado por Jon Andoni Rementer\u00eda e Iratxe Rementer\u00eda, quienes contin\u00faan con el proyecto familiar.<\/p><p>Remenetxe se ha ganado una reputaci\u00f3n por la calidad de sus productos de cercan\u00eda y platos como el chulet\u00f3n o pescados a la brasa, donde el servicio de la sala est\u00e1 a la altura.<\/p><p>Destaca especialmente su bodega, que ha sido fundamental en su reconocimiento. El sumiller Jon Andoni Rementeria, hijo de la fundadora, ha tenido una carrera notable ligada al vino desde que ayudaba en el restaurante a los 17 a\u00f1os. Campe\u00f3n de Espa\u00f1a de sumilleres en el a\u00f1o 2018 y representante en el campeonato de Europa de Sumilleres que se celebr\u00f3 en Chipre.<\/p><p>A lo largo de su historia, el restaurante ha recibido a numerosas personalidades del \u00e1mbito pol\u00edtico y art\u00edstico.<\/p>\t\t\t\t\t\t\t\t<\/div>\n\t\t\t\t\t<\/div>\n\t\t\t\t<\/div>\n\t\t<div class=\"elementor-element elementor-element-f172640 animated-slow e-flex e-con-boxed elementor-invisible e-con e-child\" data-id=\"f172640\" data-element_type=\"container\" data-e-type=\"container\" data-settings=\"{&quot;background_background&quot;:&quot;video&quot;,&quot;background_video_link&quot;:&quot;https:\\\/\\\/remenetxe.com\\\/wp-content\\\/uploads\\\/2025\\\/12\\\/Remenetxe-Urdaibai-Turismo-Sostenible-CETS.mp4&quot;,&quot;background_video_start&quot;:0,&quot;background_video_end&quot;:0,&quot;background_play_on_mobile&quot;:&quot;yes&quot;,&quot;animation&quot;:&quot;fadeInRight&quot;}\">\n\t\t\t\t\t<div class=\"e-con-inner\">\n\t\t<div class=\"elementor-background-video-container\">\n\t\t\t\t\t\t\t<video class=\"elementor-background-video-hosted\" role=\"presentation\" autoplay muted playsinline loop><\/video>\n\t\t\t\t\t<\/div>\t\t\t<\/div>\n\t\t\t\t<\/div>\n\t\t<div class=\"elementor-element elementor-element-d38d082 animated-slow e-flex e-con-boxed elementor-invisible e-con e-child\" data-id=\"d38d082\" data-element_type=\"container\" data-e-type=\"container\" data-settings=\"{&quot;background_background&quot;:&quot;classic&quot;,&quot;animation&quot;:&quot;fadeInLeft&quot;}\">\n\t\t\t\t\t<div class=\"e-con-inner\">\n\t\t\t\t<div class=\"elementor-element elementor-element-2ae1441 elementor-widget__width-initial animated-slow elementor-invisible elementor-widget elementor-widget-heading\" data-id=\"2ae1441\" data-element_type=\"widget\" data-e-type=\"widget\" data-settings=\"{&quot;_animation&quot;:&quot;fadeInDown&quot;}\" data-widget_type=\"heading.default\">\n\t\t\t\t\t<h2 class=\"elementor-heading-title elementor-size-default\">Cada experiencia se convierte en un recuerdo inolvidable<\/h2>\t\t\t\t<\/div>\n\t\t\t\t<div class=\"elementor-element elementor-element-e7b8f83 elementor-widget__width-initial elementor-align-center elementor-widget elementor-widget-button\" data-id=\"e7b8f83\" data-element_type=\"widget\" data-e-type=\"widget\" data-widget_type=\"button.default\">\n\t\t\t\t\t\t\t\t\t\t<a class=\"elementor-button elementor-button-link elementor-size-sm\" href=\"https:\/\/restaurante.remenetxe.com\/tienda\/\" target=\"_blank\">\n\t\t\t\t\t\t<span class=\"elementor-button-content-wrapper\">\n\t\t\t\t\t\t\t\t\t<span class=\"elementor-button-text\">Regala Experiencias<\/span>\n\t\t\t\t\t<\/span>\n\t\t\t\t\t<\/a>\n\t\t\t\t\t\t\t\t<\/div>\n\t\t\t\t\t<\/div>\n\t\t\t\t<\/div>\n\t\t\t\t<\/div>\n\t\t\t\t<\/div>\n\t\t","protected":false},"excerpt":{"rendered":"<p>Remenetxe desde 1987 Bienvenidos a Remenetxe, donde tradici\u00f3n y excelencia se encuentran Regala Experiencias Nuestra Historia: El restaurante Remenetxe, situado en Muxika, tiene una historia que comienza con su fundaci\u00f3n por Rosa Mari Echeandia en 1987 en un caser\u00edo del siglo XIX que su familia adquiri\u00f3 en 1816. El nombre proviene de la uni\u00f3n de [&hellip;]<\/p>\n","protected":false},"author":1,"featured_media":0,"parent":0,"menu_order":0,"comment_status":"closed","ping_status":"closed","template":"elementor_canvas","meta":{"footnotes":""},"class_list":["post-22","page","type-page","status-publish","hentry"],"yoast_head":"<!-- This site is optimized with the Yoast SEO plugin v27.4 - https:\/\/yoast.com\/product\/yoast-seo-wordpress\/ -->\n<title>Inicio - Restaurante Remenetxe<\/title>\n<meta name=\"robots\" content=\"index, follow, max-snippet:-1, max-image-preview:large, max-video-preview:-1\" \/>\n<link rel=\"canonical\" href=\"https:\/\/remenetxe.com\/eu\/\" \/>\n<meta property=\"og:locale\" content=\"en_US\" \/>\n<meta property=\"og:type\" content=\"article\" \/>\n<meta property=\"og:title\" content=\"Inicio - Restaurante Remenetxe\" \/>\n<meta property=\"og:description\" content=\"Remenetxe desde 1987 Bienvenidos a Remenetxe, donde tradici\u00f3n y excelencia se encuentran Regala Experiencias Nuestra Historia: El restaurante Remenetxe, situado en Muxika, tiene una historia que comienza con su fundaci\u00f3n por Rosa Mari Echeandia en 1987 en un caser\u00edo del siglo XIX que su familia adquiri\u00f3 en 1816. El nombre proviene de la uni\u00f3n de [&hellip;]\" \/>\n<meta property=\"og:url\" content=\"https:\/\/remenetxe.com\/eu\/\" \/>\n<meta property=\"og:site_name\" content=\"Restaurante Remenetxe\" \/>\n<meta property=\"article:modified_time\" content=\"2026-02-11T10:30:25+00:00\" \/>\n<meta property=\"og:image\" content=\"https:\/\/remenetxe.com\/wp-content\/uploads\/2025\/12\/Captura-desde-2025-12-29-11-03-17.png\" \/>\n\t<meta property=\"og:image:width\" content=\"1016\" \/>\n\t<meta property=\"og:image:height\" content=\"675\" \/>\n\t<meta property=\"og:image:type\" content=\"image\/png\" \/>\n<meta name=\"twitter:card\" content=\"summary_large_image\" \/>\n<meta name=\"twitter:label1\" content=\"Est. reading time\" \/>\n\t<meta name=\"twitter:data1\" content=\"2 minutua\" \/>\n<script type=\"application\/ld+json\" class=\"yoast-schema-graph\">{\"@context\":\"https:\\\/\\\/schema.org\",\"@graph\":[{\"@type\":\"WebPage\",\"@id\":\"https:\\\/\\\/remenetxe.com\\\/\",\"url\":\"https:\\\/\\\/remenetxe.com\\\/\",\"name\":\"Inicio - Restaurante Remenetxe\",\"isPartOf\":{\"@id\":\"https:\\\/\\\/remenetxe.com\\\/#website\"},\"primaryImageOfPage\":{\"@id\":\"https:\\\/\\\/remenetxe.com\\\/#primaryimage\"},\"image\":{\"@id\":\"https:\\\/\\\/remenetxe.com\\\/#primaryimage\"},\"thumbnailUrl\":\"https:\\\/\\\/remenetxe.com\\\/wp-content\\\/uploads\\\/2025\\\/12\\\/Captura-desde-2025-12-29-11-03-17.png\",\"datePublished\":\"2025-11-19T11:56:11+00:00\",\"dateModified\":\"2026-02-11T10:30:25+00:00\",\"breadcrumb\":{\"@id\":\"https:\\\/\\\/remenetxe.com\\\/#breadcrumb\"},\"inLanguage\":\"eu\",\"potentialAction\":[{\"@type\":\"ReadAction\",\"target\":[\"https:\\\/\\\/remenetxe.com\\\/\"]}]},{\"@type\":\"ImageObject\",\"inLanguage\":\"eu\",\"@id\":\"https:\\\/\\\/remenetxe.com\\\/#primaryimage\",\"url\":\"https:\\\/\\\/remenetxe.com\\\/wp-content\\\/uploads\\\/2025\\\/12\\\/Captura-desde-2025-12-29-11-03-17.png\",\"contentUrl\":\"https:\\\/\\\/remenetxe.com\\\/wp-content\\\/uploads\\\/2025\\\/12\\\/Captura-desde-2025-12-29-11-03-17.png\"},{\"@type\":\"BreadcrumbList\",\"@id\":\"https:\\\/\\\/remenetxe.com\\\/#breadcrumb\",\"itemListElement\":[{\"@type\":\"ListItem\",\"position\":1,\"name\":\"Portada\",\"item\":\"https:\\\/\\\/remenetxe.com\\\/\"},{\"@type\":\"ListItem\",\"position\":2,\"name\":\"Inicio\"}]},{\"@type\":\"WebSite\",\"@id\":\"https:\\\/\\\/remenetxe.com\\\/#website\",\"url\":\"https:\\\/\\\/remenetxe.com\\\/\",\"name\":\"Restaurante Remenetxe\",\"description\":\"Restaurante Remenetxe\",\"publisher\":{\"@id\":\"https:\\\/\\\/remenetxe.com\\\/#organization\"},\"potentialAction\":[{\"@type\":\"SearchAction\",\"target\":{\"@type\":\"EntryPoint\",\"urlTemplate\":\"https:\\\/\\\/remenetxe.com\\\/?s={search_term_string}\"},\"query-input\":{\"@type\":\"PropertyValueSpecification\",\"valueRequired\":true,\"valueName\":\"search_term_string\"}}],\"inLanguage\":\"eu\"},{\"@type\":\"Organization\",\"@id\":\"https:\\\/\\\/remenetxe.com\\\/#organization\",\"name\":\"Restaurante Remenetxe\",\"url\":\"https:\\\/\\\/remenetxe.com\\\/\",\"logo\":{\"@type\":\"ImageObject\",\"inLanguage\":\"eu\",\"@id\":\"https:\\\/\\\/remenetxe.com\\\/#\\\/schema\\\/logo\\\/image\\\/\",\"url\":\"https:\\\/\\\/remenetxe.com\\\/wp-content\\\/uploads\\\/2026\\\/01\\\/cropped-Logotipo_Remenetxe-11.gif\",\"contentUrl\":\"https:\\\/\\\/remenetxe.com\\\/wp-content\\\/uploads\\\/2026\\\/01\\\/cropped-Logotipo_Remenetxe-11.gif\",\"width\":1538,\"height\":1436,\"caption\":\"Restaurante Remenetxe\"},\"image\":{\"@id\":\"https:\\\/\\\/remenetxe.com\\\/#\\\/schema\\\/logo\\\/image\\\/\"}}]}<\/script>\n<!-- \/ Yoast SEO plugin. -->","yoast_head_json":{"title":"Inicio - Restaurante Remenetxe","robots":{"index":"index","follow":"follow","max-snippet":"max-snippet:-1","max-image-preview":"max-image-preview:large","max-video-preview":"max-video-preview:-1"},"canonical":"https:\/\/remenetxe.com\/eu\/","og_locale":"en_US","og_type":"article","og_title":"Inicio - Restaurante Remenetxe","og_description":"Remenetxe desde 1987 Bienvenidos a Remenetxe, donde tradici\u00f3n y excelencia se encuentran Regala Experiencias Nuestra Historia: El restaurante Remenetxe, situado en Muxika, tiene una historia que comienza con su fundaci\u00f3n por Rosa Mari Echeandia en 1987 en un caser\u00edo del siglo XIX que su familia adquiri\u00f3 en 1816. El nombre proviene de la uni\u00f3n de [&hellip;]","og_url":"https:\/\/remenetxe.com\/eu\/","og_site_name":"Restaurante Remenetxe","article_modified_time":"2026-02-11T10:30:25+00:00","og_image":[{"width":1016,"height":675,"url":"https:\/\/remenetxe.com\/wp-content\/uploads\/2025\/12\/Captura-desde-2025-12-29-11-03-17.png","type":"image\/png"}],"twitter_card":"summary_large_image","twitter_misc":{"Est. reading time":"2 minutua"},"schema":{"@context":"https:\/\/schema.org","@graph":[{"@type":"WebPage","@id":"https:\/\/remenetxe.com\/","url":"https:\/\/remenetxe.com\/","name":"Inicio - Restaurante Remenetxe","isPartOf":{"@id":"https:\/\/remenetxe.com\/#website"},"primaryImageOfPage":{"@id":"https:\/\/remenetxe.com\/#primaryimage"},"image":{"@id":"https:\/\/remenetxe.com\/#primaryimage"},"thumbnailUrl":"https:\/\/remenetxe.com\/wp-content\/uploads\/2025\/12\/Captura-desde-2025-12-29-11-03-17.png","datePublished":"2025-11-19T11:56:11+00:00","dateModified":"2026-02-11T10:30:25+00:00","breadcrumb":{"@id":"https:\/\/remenetxe.com\/#breadcrumb"},"inLanguage":"eu","potentialAction":[{"@type":"ReadAction","target":["https:\/\/remenetxe.com\/"]}]},{"@type":"ImageObject","inLanguage":"eu","@id":"https:\/\/remenetxe.com\/#primaryimage","url":"https:\/\/remenetxe.com\/wp-content\/uploads\/2025\/12\/Captura-desde-2025-12-29-11-03-17.png","contentUrl":"https:\/\/remenetxe.com\/wp-content\/uploads\/2025\/12\/Captura-desde-2025-12-29-11-03-17.png"},{"@type":"BreadcrumbList","@id":"https:\/\/remenetxe.com\/#breadcrumb","itemListElement":[{"@type":"ListItem","position":1,"name":"Portada","item":"https:\/\/remenetxe.com\/"},{"@type":"ListItem","position":2,"name":"Inicio"}]},{"@type":"WebSite","@id":"https:\/\/remenetxe.com\/#website","url":"https:\/\/remenetxe.com\/","name":"Restaurante Remenetxe","description":"Restaurante Remenetxe","publisher":{"@id":"https:\/\/remenetxe.com\/#organization"},"potentialAction":[{"@type":"SearchAction","target":{"@type":"EntryPoint","urlTemplate":"https:\/\/remenetxe.com\/?s={search_term_string}"},"query-input":{"@type":"PropertyValueSpecification","valueRequired":true,"valueName":"search_term_string"}}],"inLanguage":"eu"},{"@type":"Organization","@id":"https:\/\/remenetxe.com\/#organization","name":"Restaurante Remenetxe","url":"https:\/\/remenetxe.com\/","logo":{"@type":"ImageObject","inLanguage":"eu","@id":"https:\/\/remenetxe.com\/#\/schema\/logo\/image\/","url":"https:\/\/remenetxe.com\/wp-content\/uploads\/2026\/01\/cropped-Logotipo_Remenetxe-11.gif","contentUrl":"https:\/\/remenetxe.com\/wp-content\/uploads\/2026\/01\/cropped-Logotipo_Remenetxe-11.gif","width":1538,"height":1436,"caption":"Restaurante Remenetxe"},"image":{"@id":"https:\/\/remenetxe.com\/#\/schema\/logo\/image\/"}}]}},"_links":{"self":[{"href":"https:\/\/remenetxe.com\/eu\/wp-json\/wp\/v2\/pages\/22","targetHints":{"allow":["GET"]}}],"collection":[{"href":"https:\/\/remenetxe.com\/eu\/wp-json\/wp\/v2\/pages"}],"about":[{"href":"https:\/\/remenetxe.com\/eu\/wp-json\/wp\/v2\/types\/page"}],"author":[{"embeddable":true,"href":"https:\/\/remenetxe.com\/eu\/wp-json\/wp\/v2\/users\/1"}],"replies":[{"embeddable":true,"href":"https:\/\/remenetxe.com\/eu\/wp-json\/wp\/v2\/comments?post=22"}],"version-history":[{"count":739,"href":"https:\/\/remenetxe.com\/eu\/wp-json\/wp\/v2\/pages\/22\/revisions"}],"predecessor-version":[{"id":3342,"href":"https:\/\/remenetxe.com\/eu\/wp-json\/wp\/v2\/pages\/22\/revisions\/3342"}],"wp:attachment":[{"href":"https:\/\/remenetxe.com\/eu\/wp-json\/wp\/v2\/media?parent=22"}],"curies":[{"name":"wp","href":"https:\/\/api.w.org\/{rel}","templated":true}]}}